{"id":20393,"date":"2025-06-24T17:21:06","date_gmt":"2025-06-24T15:21:06","guid":{"rendered":"https:\/\/preferenzeavanzate.net\/poggiomandorlo\/main\/?page_id=20393"},"modified":"2025-11-05T21:35:25","modified_gmt":"2025-11-05T20:35:25","slug":"la-parola-all-enologo","status":"publish","type":"page","link":"https:\/\/poggiomandorlo.it\/main\/en\/la-parola-all-enologo\/","title":{"rendered":"Let's call upon the winemaker"},"content":{"rendered":"<div data-elementor-type=\"wp-page\" data-elementor-id=\"20393\" class=\"elementor elementor-20393\">\n\t\t\t\t<div class=\"elementor-element elementor-element-7978790 e-flex e-con-boxed sc_layouts_column_icons_position_left e-con e-parent\" data-id=\"7978790\" data-element_type=\"container\" data-e-type=\"container\">\n\t\t\t\t\t<div class=\"e-con-inner\">\n\t\t\t\t<div class=\"elementor-element elementor-element-f412db9 sc_fly_static elementor-widget elementor-widget-text-editor\" data-id=\"f412db9\" data-element_type=\"widget\" data-e-type=\"widget\" data-widget_type=\"text-editor.default\">\n\t\t\t\t<div class=\"elementor-widget-container\">\n\t\t\t\t\t\t\t\t\t<p>Our wines are lovingly curated by winemaker <strong>Filippo Paoletti<\/strong><\/p><blockquote><p>A lot of good things in our life happen by accident and it\u2019s just like this that I began cooperating with Poggio Mandorlo.<\/p><\/blockquote><p>I was long since interested in the wonderful territory of Doc Montecucco with its mountain, valleys and its generous volcanic soil. The sides of Mount Amiata aren\u2019t only a pre-mountain landscape but also and above all a succession of little zones with a very high wine gift. <strong>The microclimate mitigated by the winds from Maremma and the extraordinary richness of the volcanic soils<\/strong> make this zone a <strong>little paradise for the production of quality wines.<\/strong>It was by accident that one day a group of friends got together to produce wine, invited me to visit their business. The first time I saw Poggio Mandorlo I understood that it was a particular place, a mix of climatic and agronomic conditions I had never met before. The sensation I had is that it was a spot to listen and understand, where there was no place for straining or banalities.<\/p><p>A <em>winemaker<\/em> in Poggio Mandorlo cannot be the main character, but only a stooge on the <em>terroir<\/em>service, that is the real protagonist and star performer.\nMy approach with oenology has always been characterized by humility, meant as putting myself at the wine\u2019s service, not to mould it, but to help it express itself; I think this philosophy is the only one suitable for Poggio Mandorlo\u2019s reality. In the face of such potential you cannot but put yourself aside, working not to give your style to the wines, but to exalt the real nature of this place. And it\u2019s like this that I plan my job, trying to obtain the maximum from each vineyard, in order to achieve the maximum expression of the terroir without exaggerating.<\/p><p>Each grape has its history and exigencies, so each species of vine is turned into wine in different ways, in order to express it at its best. Technology helps the technician a lot in his work, the knowledge dictates times and methods in our work, but it is all useless if you don\u2019t have clear in your mind that the real soul of the wines produced is not in our intentions but in the environment that surrounds us.<\/p><p>Producing great wines in Poggio Mandorlo is not only possible, but simply natural. The excellent technology available in the winery, the meticulous care of the vineyards and the deep knowledge of the zone allow operating in an excellent way and obtaining several different wines, fascinating and unique in their complexity.<\/p><p>The freshness of Il Guardiano, the variety\u2019s precision of <em>La Querce<\/em> and the powerful structure of <em>Poggiomandorlo<\/em> demonstrate how great are the possibilities of this corner of Tuscany. Our wines have great evolutionary potential and time is an ally for our bottles that, in the course of time, present new emotions, also thanks to the wise and moderate use of woods.<\/p><p>Poggio Mandorlo is a reality created from earth, passion and knowledge, where the absolute quality every day rewards the work of people who dedicate their lives to producing great wines. A reality that with no shadow of doubt in the future will give ever greater satisfaction to those who appreciate not only flavours and tastes but also the soul and personality of wine.<\/p>\t\t\t\t\t\t\t\t<\/div>\n\t\t\t\t<\/div>\n\t\t\t\t\t<\/div>\n\t\t\t\t<\/div>\n\t\t<div class=\"elementor-element elementor-element-e84d661 e-flex e-con-boxed sc_layouts_column_icons_position_left e-con e-parent\" data-id=\"e84d661\" data-element_type=\"container\" data-e-type=\"container\">\n\t\t\t\t\t<div class=\"e-con-inner\">\n\t\t\t\t<div class=\"elementor-element elementor-element-ac602c9 sc_fly_static elementor-widget elementor-widget-spacer\" data-id=\"ac602c9\" data-element_type=\"widget\" data-e-type=\"widget\" data-widget_type=\"spacer.default\">\n\t\t\t\t<div class=\"elementor-widget-container\">\n\t\t\t\t\t\t\t<div class=\"elementor-spacer\">\n\t\t\t<div class=\"elementor-spacer-inner\"><\/div>\n\t\t<\/div>\n\t\t\t\t\t\t<\/div>\n\t\t\t\t<\/div>\n\t\t\t\t\t<\/div>\n\t\t\t\t<\/div>\n\t\t<div class=\"elementor-element elementor-element-63044a5 e-flex e-con-boxed sc_layouts_column_icons_position_left e-con e-parent\" data-id=\"63044a5\" data-element_type=\"container\" data-e-type=\"container\">\n\t\t\t\t\t<div class=\"e-con-inner\">\n\t\t\t\t<div class=\"elementor-element elementor-element-ac003bb elementor-arrows-position-inside sc_fly_static elementor-widget elementor-widget-image-carousel\" data-id=\"ac003bb\" data-element_type=\"widget\" data-e-type=\"widget\" data-settings=\"{&quot;navigation&quot;:&quot;arrows&quot;,&quot;autoplay&quot;:&quot;yes&quot;,&quot;pause_on_hover&quot;:&quot;yes&quot;,&quot;pause_on_interaction&quot;:&quot;yes&quot;,&quot;autoplay_speed&quot;:5000,&quot;infinite&quot;:&quot;yes&quot;,&quot;speed&quot;:500}\" data-widget_type=\"image-carousel.default\">\n\t\t\t\t<div class=\"elementor-widget-container\">\n\t\t\t\t\t\t\t<div class=\"elementor-image-carousel-wrapper swiper\" role=\"region\" aria-roledescription=\"carousel\" aria-label=\"Carosello d&#039;immagini\" dir=\"ltr\">\n\t\t\t<div class=\"elementor-image-carousel swiper-wrapper\" aria-live=\"off\">\n\t\t\t\t\t\t\t\t<div class=\"swiper-slide\" role=\"group\" aria-roledescription=\"slide\" aria-label=\"1 di 4\"><figure class=\"swiper-slide-inner\"><img decoding=\"async\" class=\"swiper-slide-image\" src=\"https:\/\/poggiomandorlo.it\/main\/wp-content\/uploads\/2025\/06\/enologo-1.jpg\" alt=\"enologo-1\" \/><\/figure><\/div><div class=\"swiper-slide\" role=\"group\" aria-roledescription=\"slide\" aria-label=\"2 di 4\"><figure class=\"swiper-slide-inner\"><img decoding=\"async\" class=\"swiper-slide-image\" src=\"https:\/\/poggiomandorlo.it\/main\/wp-content\/uploads\/2025\/06\/enologo-2.jpg\" alt=\"enologo-2\" \/><\/figure><\/div><div class=\"swiper-slide\" role=\"group\" aria-roledescription=\"slide\" aria-label=\"3 di 4\"><figure class=\"swiper-slide-inner\"><img decoding=\"async\" class=\"swiper-slide-image\" src=\"https:\/\/poggiomandorlo.it\/main\/wp-content\/uploads\/2025\/06\/enologo-3.jpg\" alt=\"enologo-3\" \/><\/figure><\/div><div class=\"swiper-slide\" role=\"group\" aria-roledescription=\"slide\" aria-label=\"4 di 4\"><figure class=\"swiper-slide-inner\"><img decoding=\"async\" class=\"swiper-slide-image\" src=\"https:\/\/poggiomandorlo.it\/main\/wp-content\/uploads\/2025\/06\/enologo-4.jpg\" alt=\"enologo-4\" \/><\/figure><\/div>\t\t\t<\/div>\n\t\t\t\t\t\t\t\t\t\t\t\t<div class=\"elementor-swiper-button elementor-swiper-button-prev\" role=\"button\" tabindex=\"0\">\n\t\t\t\t\t\t<svg aria-hidden=\"true\" class=\"e-font-icon-svg e-eicon-chevron-left\" viewbox=\"0 0 1000 1000\" xmlns=\"http:\/\/www.w3.org\/2000\/svg\"><path d=\"M646 125C629 125 613 133 604 142L308 442C296 454 292 471 292 487 292 504 296 521 308 533L604 854C617 867 629 875 646 875 663 875 679 871 692 858 704 846 713 829 713 812 713 796 708 779 692 767L438 487 692 225C700 217 708 204 708 187 708 171 704 154 692 142 675 129 663 125 646 125Z\"><\/path><\/svg>\t\t\t\t\t<\/div>\n\t\t\t\t\t<div class=\"elementor-swiper-button elementor-swiper-button-next\" role=\"button\" tabindex=\"0\">\n\t\t\t\t\t\t<svg aria-hidden=\"true\" class=\"e-font-icon-svg e-eicon-chevron-right\" viewbox=\"0 0 1000 1000\" xmlns=\"http:\/\/www.w3.org\/2000\/svg\"><path d=\"M696 533C708 521 713 504 713 487 713 471 708 454 696 446L400 146C388 133 375 125 354 125 338 125 325 129 313 142 300 154 292 171 292 187 292 204 296 221 308 233L563 492 304 771C292 783 288 800 288 817 288 833 296 850 308 863 321 871 338 875 354 875 371 875 388 867 400 854L696 533Z\"><\/path><\/svg>\t\t\t\t\t<\/div>\n\t\t\t\t\n\t\t\t\t\t\t\t\t\t<\/div>\n\t\t\t\t\t\t<\/div>\n\t\t\t\t<\/div>\n\t\t\t\t\t<\/div>\n\t\t\t\t<\/div>\n\t\t\t\t<\/div>","protected":false},"excerpt":{"rendered":"<p>I nostri vini sono amorevolmente curati dall\u2019enologo Filippo Paoletti Molte cose buone della vita capitano per caso, ed \u00e9 proprio cos\u00ec che \u00e9 nata la mia collaborazione con Poggio Mandorlo.&hellip;<\/p>","protected":false},"author":1,"featured_media":0,"parent":0,"menu_order":0,"comment_status":"closed","ping_status":"closed","template":"","meta":{"footnotes":""},"class_list":["post-20393","page","type-page","status-publish","hentry"],"yoast_head":"<!-- This site is optimized with the Yoast SEO plugin v27.5 - https:\/\/yoast.com\/product\/yoast-seo-wordpress\/ -->\n<title>La parola all&#039;enologo - Poggio Mandorlo<\/title>\n<meta name=\"description\" content=\"Ogni uva ha la sua storia e le sue esigenze, quindi ogni vitigno viene vinificato in modo diverso per esprimerlo al meglio.\" \/>\n<meta name=\"robots\" content=\"index, follow, max-snippet:-1, max-image-preview:large, max-video-preview:-1\" \/>\n<link rel=\"canonical\" href=\"https:\/\/poggiomandorlo.it\/main\/en\/la-parola-all-enologo\/\" \/>\n<meta property=\"og:locale\" content=\"en_GB\" \/>\n<meta property=\"og:type\" content=\"article\" \/>\n<meta property=\"og:title\" content=\"La parola all&#039;enologo - Poggio Mandorlo\" \/>\n<meta property=\"og:description\" content=\"Ogni uva ha la sua storia e le sue esigenze, quindi ogni vitigno viene vinificato in modo diverso per esprimerlo al meglio.\" \/>\n<meta property=\"og:url\" content=\"https:\/\/poggiomandorlo.it\/main\/en\/la-parola-all-enologo\/\" \/>\n<meta property=\"og:site_name\" content=\"Poggio Mandorlo\" \/>\n<meta property=\"article:publisher\" content=\"https:\/\/www.facebook.com\/PoggioMandorlo\/\" \/>\n<meta property=\"article:modified_time\" content=\"2025-11-05T20:35:25+00:00\" \/>\n<meta property=\"og:image\" content=\"https:\/\/poggiomandorlo.it\/main\/wp-content\/uploads\/2025\/06\/enologo-1.jpg\" \/>\n<meta name=\"twitter:card\" content=\"summary_large_image\" \/>\n<meta name=\"twitter:label1\" content=\"Estimated reading time\" \/>\n\t<meta name=\"twitter:data1\" content=\"5 minutes\" \/>\n<script type=\"application\/ld+json\" class=\"yoast-schema-graph\">{\"@context\":\"https:\\\/\\\/schema.org\",\"@graph\":[{\"@type\":\"WebPage\",\"@id\":\"https:\\\/\\\/poggiomandorlo.it\\\/main\\\/la-parola-all-enologo\\\/\",\"url\":\"https:\\\/\\\/poggiomandorlo.it\\\/main\\\/la-parola-all-enologo\\\/\",\"name\":\"La parola all'enologo - Poggio Mandorlo\",\"isPartOf\":{\"@id\":\"https:\\\/\\\/poggiomandorlo.it\\\/main\\\/#website\"},\"primaryImageOfPage\":{\"@id\":\"https:\\\/\\\/poggiomandorlo.it\\\/main\\\/la-parola-all-enologo\\\/#primaryimage\"},\"image\":{\"@id\":\"https:\\\/\\\/poggiomandorlo.it\\\/main\\\/la-parola-all-enologo\\\/#primaryimage\"},\"thumbnailUrl\":\"https:\\\/\\\/poggiomandorlo.it\\\/main\\\/wp-content\\\/uploads\\\/2025\\\/06\\\/enologo-1.jpg\",\"datePublished\":\"2025-06-24T15:21:06+00:00\",\"dateModified\":\"2025-11-05T20:35:25+00:00\",\"description\":\"Ogni uva ha la sua storia e le sue esigenze, quindi ogni vitigno viene vinificato in modo diverso per esprimerlo al meglio.\",\"breadcrumb\":{\"@id\":\"https:\\\/\\\/poggiomandorlo.it\\\/main\\\/la-parola-all-enologo\\\/#breadcrumb\"},\"inLanguage\":\"en-GB\",\"potentialAction\":[{\"@type\":\"ReadAction\",\"target\":[\"https:\\\/\\\/poggiomandorlo.it\\\/main\\\/la-parola-all-enologo\\\/\"]}]},{\"@type\":\"ImageObject\",\"inLanguage\":\"en-GB\",\"@id\":\"https:\\\/\\\/poggiomandorlo.it\\\/main\\\/la-parola-all-enologo\\\/#primaryimage\",\"url\":\"https:\\\/\\\/poggiomandorlo.it\\\/main\\\/wp-content\\\/uploads\\\/2025\\\/06\\\/enologo-1.jpg\",\"contentUrl\":\"https:\\\/\\\/poggiomandorlo.it\\\/main\\\/wp-content\\\/uploads\\\/2025\\\/06\\\/enologo-1.jpg\"},{\"@type\":\"BreadcrumbList\",\"@id\":\"https:\\\/\\\/poggiomandorlo.it\\\/main\\\/la-parola-all-enologo\\\/#breadcrumb\",\"itemListElement\":[{\"@type\":\"ListItem\",\"position\":1,\"name\":\"Home\",\"item\":\"https:\\\/\\\/poggiomandorlo.it\\\/main\\\/\"},{\"@type\":\"ListItem\",\"position\":2,\"name\":\"La parola all&#8217;enologo\"}]},{\"@type\":\"WebSite\",\"@id\":\"https:\\\/\\\/poggiomandorlo.it\\\/main\\\/#website\",\"url\":\"https:\\\/\\\/poggiomandorlo.it\\\/main\\\/\",\"name\":\"Poggio Mandorlo\",\"description\":\"la passione per il vino\",\"publisher\":{\"@id\":\"https:\\\/\\\/poggiomandorlo.it\\\/main\\\/#organization\"},\"potentialAction\":[{\"@type\":\"SearchAction\",\"target\":{\"@type\":\"EntryPoint\",\"urlTemplate\":\"https:\\\/\\\/poggiomandorlo.it\\\/main\\\/?s={search_term_string}\"},\"query-input\":{\"@type\":\"PropertyValueSpecification\",\"valueRequired\":true,\"valueName\":\"search_term_string\"}}],\"inLanguage\":\"en-GB\"},{\"@type\":\"Organization\",\"@id\":\"https:\\\/\\\/poggiomandorlo.it\\\/main\\\/#organization\",\"name\":\"Poggio Mandorlo\",\"url\":\"https:\\\/\\\/poggiomandorlo.it\\\/main\\\/\",\"logo\":{\"@type\":\"ImageObject\",\"inLanguage\":\"en-GB\",\"@id\":\"https:\\\/\\\/poggiomandorlo.it\\\/main\\\/#\\\/schema\\\/logo\\\/image\\\/\",\"url\":\"https:\\\/\\\/poggiomandorlo.it\\\/main\\\/wp-content\\\/uploads\\\/2022\\\/02\\\/poggiomandorlo-logo-2025.png\",\"contentUrl\":\"https:\\\/\\\/poggiomandorlo.it\\\/main\\\/wp-content\\\/uploads\\\/2022\\\/02\\\/poggiomandorlo-logo-2025.png\",\"width\":240,\"height\":233,\"caption\":\"Poggio Mandorlo\"},\"image\":{\"@id\":\"https:\\\/\\\/poggiomandorlo.it\\\/main\\\/#\\\/schema\\\/logo\\\/image\\\/\"},\"sameAs\":[\"https:\\\/\\\/www.facebook.com\\\/PoggioMandorlo\\\/\",\"https:\\\/\\\/www.instagram.com\\\/poggiomandorlo\\\/\"]}]}<\/script>\n<!-- \/ Yoast SEO plugin. -->","yoast_head_json":{"title":"La parola all'enologo - Poggio Mandorlo","description":"Ogni uva ha la sua storia e le sue esigenze, quindi ogni vitigno viene vinificato in modo diverso per esprimerlo al meglio.","robots":{"index":"index","follow":"follow","max-snippet":"max-snippet:-1","max-image-preview":"max-image-preview:large","max-video-preview":"max-video-preview:-1"},"canonical":"https:\/\/poggiomandorlo.it\/main\/en\/la-parola-all-enologo\/","og_locale":"en_GB","og_type":"article","og_title":"La parola all'enologo - Poggio Mandorlo","og_description":"Ogni uva ha la sua storia e le sue esigenze, quindi ogni vitigno viene vinificato in modo diverso per esprimerlo al meglio.","og_url":"https:\/\/poggiomandorlo.it\/main\/en\/la-parola-all-enologo\/","og_site_name":"Poggio Mandorlo","article_publisher":"https:\/\/www.facebook.com\/PoggioMandorlo\/","article_modified_time":"2025-11-05T20:35:25+00:00","og_image":[{"url":"https:\/\/poggiomandorlo.it\/main\/wp-content\/uploads\/2025\/06\/enologo-1.jpg","type":"","width":"","height":""}],"twitter_card":"summary_large_image","twitter_misc":{"Estimated reading time":"5 minutes"},"schema":{"@context":"https:\/\/schema.org","@graph":[{"@type":"WebPage","@id":"https:\/\/poggiomandorlo.it\/main\/la-parola-all-enologo\/","url":"https:\/\/poggiomandorlo.it\/main\/la-parola-all-enologo\/","name":"La parola all'enologo - Poggio Mandorlo","isPartOf":{"@id":"https:\/\/poggiomandorlo.it\/main\/#website"},"primaryImageOfPage":{"@id":"https:\/\/poggiomandorlo.it\/main\/la-parola-all-enologo\/#primaryimage"},"image":{"@id":"https:\/\/poggiomandorlo.it\/main\/la-parola-all-enologo\/#primaryimage"},"thumbnailUrl":"https:\/\/poggiomandorlo.it\/main\/wp-content\/uploads\/2025\/06\/enologo-1.jpg","datePublished":"2025-06-24T15:21:06+00:00","dateModified":"2025-11-05T20:35:25+00:00","description":"Ogni uva ha la sua storia e le sue esigenze, quindi ogni vitigno viene vinificato in modo diverso per esprimerlo al meglio.","breadcrumb":{"@id":"https:\/\/poggiomandorlo.it\/main\/la-parola-all-enologo\/#breadcrumb"},"inLanguage":"en-GB","potentialAction":[{"@type":"ReadAction","target":["https:\/\/poggiomandorlo.it\/main\/la-parola-all-enologo\/"]}]},{"@type":"ImageObject","inLanguage":"en-GB","@id":"https:\/\/poggiomandorlo.it\/main\/la-parola-all-enologo\/#primaryimage","url":"https:\/\/poggiomandorlo.it\/main\/wp-content\/uploads\/2025\/06\/enologo-1.jpg","contentUrl":"https:\/\/poggiomandorlo.it\/main\/wp-content\/uploads\/2025\/06\/enologo-1.jpg"},{"@type":"BreadcrumbList","@id":"https:\/\/poggiomandorlo.it\/main\/la-parola-all-enologo\/#breadcrumb","itemListElement":[{"@type":"ListItem","position":1,"name":"Home","item":"https:\/\/poggiomandorlo.it\/main\/"},{"@type":"ListItem","position":2,"name":"La parola all&#8217;enologo"}]},{"@type":"WebSite","@id":"https:\/\/poggiomandorlo.it\/main\/#website","url":"https:\/\/poggiomandorlo.it\/main\/","name":"Poggio Mandorlo","description":"la passione per il vino","publisher":{"@id":"https:\/\/poggiomandorlo.it\/main\/#organization"},"potentialAction":[{"@type":"SearchAction","target":{"@type":"EntryPoint","urlTemplate":"https:\/\/poggiomandorlo.it\/main\/?s={search_term_string}"},"query-input":{"@type":"PropertyValueSpecification","valueRequired":true,"valueName":"search_term_string"}}],"inLanguage":"en-GB"},{"@type":"Organization","@id":"https:\/\/poggiomandorlo.it\/main\/#organization","name":"Poggio Mandorlo","url":"https:\/\/poggiomandorlo.it\/main\/","logo":{"@type":"ImageObject","inLanguage":"en-GB","@id":"https:\/\/poggiomandorlo.it\/main\/#\/schema\/logo\/image\/","url":"https:\/\/poggiomandorlo.it\/main\/wp-content\/uploads\/2022\/02\/poggiomandorlo-logo-2025.png","contentUrl":"https:\/\/poggiomandorlo.it\/main\/wp-content\/uploads\/2022\/02\/poggiomandorlo-logo-2025.png","width":240,"height":233,"caption":"Poggio Mandorlo"},"image":{"@id":"https:\/\/poggiomandorlo.it\/main\/#\/schema\/logo\/image\/"},"sameAs":["https:\/\/www.facebook.com\/PoggioMandorlo\/","https:\/\/www.instagram.com\/poggiomandorlo\/"]}]}},"_links":{"self":[{"href":"https:\/\/poggiomandorlo.it\/main\/en\/wp-json\/wp\/v2\/pages\/20393","targetHints":{"allow":["GET"]}}],"collection":[{"href":"https:\/\/poggiomandorlo.it\/main\/en\/wp-json\/wp\/v2\/pages"}],"about":[{"href":"https:\/\/poggiomandorlo.it\/main\/en\/wp-json\/wp\/v2\/types\/page"}],"author":[{"embeddable":true,"href":"https:\/\/poggiomandorlo.it\/main\/en\/wp-json\/wp\/v2\/users\/1"}],"replies":[{"embeddable":true,"href":"https:\/\/poggiomandorlo.it\/main\/en\/wp-json\/wp\/v2\/comments?post=20393"}],"version-history":[{"count":18,"href":"https:\/\/poggiomandorlo.it\/main\/en\/wp-json\/wp\/v2\/pages\/20393\/revisions"}],"predecessor-version":[{"id":20700,"href":"https:\/\/poggiomandorlo.it\/main\/en\/wp-json\/wp\/v2\/pages\/20393\/revisions\/20700"}],"wp:attachment":[{"href":"https:\/\/poggiomandorlo.it\/main\/en\/wp-json\/wp\/v2\/media?parent=20393"}],"curies":[{"name":"wp","href":"https:\/\/api.w.org\/{rel}","templated":true}]}}